{"id":73299,"date":"2024-02-12T12:17:23","date_gmt":"2024-02-12T11:17:23","guid":{"rendered":"https:\/\/dentalarquimbau.com\/avis-legal\/"},"modified":"2026-05-05T10:54:51","modified_gmt":"2026-05-05T08:54:51","slug":"avis-legal","status":"publish","type":"page","link":"https:\/\/dentalarquimbau.com\/ca\/avis-legal\/","title":{"rendered":"Av\u00eds legal"},"content":{"rendered":"\t\t<div data-elementor-type=\"wp-page\" data-elementor-id=\"73299\" class=\"elementor elementor-73299 elementor-50037\" data-elementor-post-type=\"page\">\n\t\t\t\t<div class=\"elementor-element elementor-element-dea4f67 e-flex e-con-boxed e-con e-parent\" data-id=\"dea4f67\" data-element_type=\"container\" data-e-type=\"container\" data-settings=\"{&quot;background_background&quot;:&quot;classic&quot;}\">\n\t\t\t\t\t<div class=\"e-con-inner\">\n\t\t\t\t<div class=\"elementor-element elementor-element-842b258 elementor-widget elementor-widget-heading\" data-id=\"842b258\" data-element_type=\"widget\" data-e-type=\"widget\" data-widget_type=\"heading.default\">\n\t\t\t\t<div class=\"elementor-widget-container\">\n\t\t\t\t\t<h1 class=\"elementor-heading-title elementor-size-default\">Av\u00eds legal<\/h1>\t\t\t\t<\/div>\n\t\t\t\t<\/div>\n\t\t\t\t<div class=\"elementor-element elementor-element-ace2e3d elementor-widget elementor-widget-text-editor\" data-id=\"ace2e3d\" data-element_type=\"widget\" data-e-type=\"widget\" data-widget_type=\"text-editor.default\">\n\t\t\t\t<div class=\"elementor-widget-container\">\n\t\t\t\t\t\t\t\t\t<p>CLINICA DENTAL ARQUIMBAU est\u00e0 domiciliada al carrer Carretera de Matadepera, 253, 08225- Terrassa (Barcelona), amb CIF B66735283 i inscrita al Registre Mercantil de Barcelona, tom 45361, foli 189, full B485265, inscripci\u00f3 1.<\/p><p>Al web <a href=\"http:\/\/www.dentalarquimbau.com\/\">www.dentalarquimbau.com<\/a> hi ha una s\u00e8rie de continguts de car\u00e0cter informatiu sobre els serveis que duu a terme l&#8217;organitzaci\u00f3, com ara l&#8217;odontologia.<\/p><p>El seu principal objectiu \u00e9s facilitar als clients i al p\u00fablic en general, la informaci\u00f3 relativa a l&#8217; empresa, als productes i serveis que s&#8217; ofereixen.<\/p>\t\t\t\t\t\t\t\t<\/div>\n\t\t\t\t<\/div>\n\t\t\t\t\t<\/div>\n\t\t\t\t<\/div>\n\t\t\t\t<\/div>\n\t\t","protected":false},"excerpt":{"rendered":"<p>CLINICA DENTAL ARQUIMBAU est\u00e0 domiciliada al carrer Carretera de Matadepera, 253, 08225- Terrassa (Barcelona), amb CIF B66735283 i inscrita al Registre Mercantil de Barcelona, tom 45361, foli 189, full B485265, inscripci\u00f3 1. Al web www.dentalarquimbau.com hi ha una s\u00e8rie de continguts de car\u00e0cter informatiu sobre els serveis que duu a terme l&#8217;organitzaci\u00f3, com ara l&#8217;odontologia. [&hellip;]<\/p>\n","protected":false},"author":1,"featured_media":0,"parent":0,"menu_order":0,"comment_status":"closed","ping_status":"closed","template":"","meta":{"_acf_changed":false,"content-type":"","footnotes":""},"class_list":["post-73299","page","type-page","status-publish","hentry"],"acf":[],"yoast_head":"<!-- This site is optimized with the Yoast SEO plugin v27.4 - https:\/\/yoast.com\/product\/yoast-seo-wordpress\/ -->\n<title>Cl\u00ednica Dental Arquimbau - Av\u00eds legal<\/title>\n<meta name=\"robots\" content=\"noindex, nofollow\" \/>\n<meta property=\"og:locale\" content=\"ca_ES\" \/>\n<meta property=\"og:type\" content=\"article\" \/>\n<meta property=\"og:title\" content=\"Cl\u00ednica Dental Arquimbau - Av\u00eds legal\" \/>\n<meta property=\"og:description\" content=\"CLINICA DENTAL ARQUIMBAU est\u00e0 domiciliada al carrer Carretera de Matadepera, 253, 08225- Terrassa (Barcelona), amb CIF B66735283 i inscrita al Registre Mercantil de Barcelona, tom 45361, foli 189, full B485265, inscripci\u00f3 1. Al web www.dentalarquimbau.com hi ha una s\u00e8rie de continguts de car\u00e0cter informatiu sobre els serveis que duu a terme l&#8217;organitzaci\u00f3, com ara l&#8217;odontologia. [&hellip;]\" \/>\n<meta property=\"og:url\" content=\"https:\/\/dentalarquimbau.com\/ca\/avis-legal\/\" \/>\n<meta property=\"og:site_name\" content=\"Cl\u00ednica Dental Arquimbau\" \/>\n<meta property=\"article:publisher\" content=\"https:\/\/www.facebook.com\/clinicadentalarquimbau\/\" \/>\n<meta property=\"article:modified_time\" content=\"2026-05-05T08:54:51+00:00\" \/>\n<meta name=\"twitter:card\" content=\"summary_large_image\" \/>\n<meta name=\"twitter:site\" content=\"@dentalarquimbau\" \/>\n<script type=\"application\/ld+json\" class=\"yoast-schema-graph\">{\"@context\":\"https:\\\/\\\/schema.org\",\"@graph\":[{\"@type\":\"WebPage\",\"@id\":\"https:\\\/\\\/dentalarquimbau.com\\\/ca\\\/avis-legal\\\/\",\"url\":\"https:\\\/\\\/dentalarquimbau.com\\\/ca\\\/avis-legal\\\/\",\"name\":\"Cl\u00ednica Dental Arquimbau - Av\u00eds legal\",\"isPartOf\":{\"@id\":\"https:\\\/\\\/dentalarquimbau.com\\\/ca\\\/#website\"},\"datePublished\":\"2024-02-12T11:17:23+00:00\",\"dateModified\":\"2026-05-05T08:54:51+00:00\",\"breadcrumb\":{\"@id\":\"https:\\\/\\\/dentalarquimbau.com\\\/ca\\\/avis-legal\\\/#breadcrumb\"},\"inLanguage\":\"ca\",\"potentialAction\":[{\"@type\":\"ReadAction\",\"target\":[\"https:\\\/\\\/dentalarquimbau.com\\\/ca\\\/avis-legal\\\/\"]}]},{\"@type\":\"BreadcrumbList\",\"@id\":\"https:\\\/\\\/dentalarquimbau.com\\\/ca\\\/avis-legal\\\/#breadcrumb\",\"itemListElement\":[{\"@type\":\"ListItem\",\"position\":1,\"name\":\"Portada\",\"item\":\"https:\\\/\\\/dentalarquimbau.com\\\/ca\\\/inici\\\/\"},{\"@type\":\"ListItem\",\"position\":2,\"name\":\"Av\u00eds legal\"}]},{\"@type\":\"WebSite\",\"@id\":\"https:\\\/\\\/dentalarquimbau.com\\\/ca\\\/#website\",\"url\":\"https:\\\/\\\/dentalarquimbau.com\\\/ca\\\/\",\"name\":\"Cl\u00ednica Dental Arquimbau\",\"description\":\"M\u00e9s de 30 anys millorant somriures\",\"publisher\":{\"@id\":\"https:\\\/\\\/dentalarquimbau.com\\\/ca\\\/#organization\"},\"potentialAction\":[{\"@type\":\"SearchAction\",\"target\":{\"@type\":\"EntryPoint\",\"urlTemplate\":\"https:\\\/\\\/dentalarquimbau.com\\\/ca\\\/?s={search_term_string}\"},\"query-input\":{\"@type\":\"PropertyValueSpecification\",\"valueRequired\":true,\"valueName\":\"search_term_string\"}}],\"inLanguage\":\"ca\"},{\"@type\":\"Organization\",\"@id\":\"https:\\\/\\\/dentalarquimbau.com\\\/ca\\\/#organization\",\"name\":\"Cl\u00ednica Dental Arquimbau\",\"url\":\"https:\\\/\\\/dentalarquimbau.com\\\/ca\\\/\",\"logo\":{\"@type\":\"ImageObject\",\"inLanguage\":\"ca\",\"@id\":\"https:\\\/\\\/dentalarquimbau.com\\\/ca\\\/#\\\/schema\\\/logo\\\/image\\\/\",\"url\":\"https:\\\/\\\/dentalarquimbau.com\\\/wp-content\\\/uploads\\\/dental-arquimbau-logo.svg\",\"contentUrl\":\"https:\\\/\\\/dentalarquimbau.com\\\/wp-content\\\/uploads\\\/dental-arquimbau-logo.svg\",\"width\":223,\"height\":45,\"caption\":\"Cl\u00ednica Dental Arquimbau\"},\"image\":{\"@id\":\"https:\\\/\\\/dentalarquimbau.com\\\/ca\\\/#\\\/schema\\\/logo\\\/image\\\/\"},\"sameAs\":[\"https:\\\/\\\/www.facebook.com\\\/clinicadentalarquimbau\\\/\",\"https:\\\/\\\/x.com\\\/dentalarquimbau\",\"https:\\\/\\\/www.instagram.com\\\/dentalarquimbau\\\/\"]}]}<\/script>\n<!-- \/ Yoast SEO plugin. -->","yoast_head_json":{"title":"Cl\u00ednica Dental Arquimbau - Av\u00eds legal","robots":{"index":"noindex","follow":"nofollow"},"og_locale":"ca_ES","og_type":"article","og_title":"Cl\u00ednica Dental Arquimbau - Av\u00eds legal","og_description":"CLINICA DENTAL ARQUIMBAU est\u00e0 domiciliada al carrer Carretera de Matadepera, 253, 08225- Terrassa (Barcelona), amb CIF B66735283 i inscrita al Registre Mercantil de Barcelona, tom 45361, foli 189, full B485265, inscripci\u00f3 1. Al web www.dentalarquimbau.com hi ha una s\u00e8rie de continguts de car\u00e0cter informatiu sobre els serveis que duu a terme l&#8217;organitzaci\u00f3, com ara l&#8217;odontologia. [&hellip;]","og_url":"https:\/\/dentalarquimbau.com\/ca\/avis-legal\/","og_site_name":"Cl\u00ednica Dental Arquimbau","article_publisher":"https:\/\/www.facebook.com\/clinicadentalarquimbau\/","article_modified_time":"2026-05-05T08:54:51+00:00","twitter_card":"summary_large_image","twitter_site":"@dentalarquimbau","schema":{"@context":"https:\/\/schema.org","@graph":[{"@type":"WebPage","@id":"https:\/\/dentalarquimbau.com\/ca\/avis-legal\/","url":"https:\/\/dentalarquimbau.com\/ca\/avis-legal\/","name":"Cl\u00ednica Dental Arquimbau - Av\u00eds legal","isPartOf":{"@id":"https:\/\/dentalarquimbau.com\/ca\/#website"},"datePublished":"2024-02-12T11:17:23+00:00","dateModified":"2026-05-05T08:54:51+00:00","breadcrumb":{"@id":"https:\/\/dentalarquimbau.com\/ca\/avis-legal\/#breadcrumb"},"inLanguage":"ca","potentialAction":[{"@type":"ReadAction","target":["https:\/\/dentalarquimbau.com\/ca\/avis-legal\/"]}]},{"@type":"BreadcrumbList","@id":"https:\/\/dentalarquimbau.com\/ca\/avis-legal\/#breadcrumb","itemListElement":[{"@type":"ListItem","position":1,"name":"Portada","item":"https:\/\/dentalarquimbau.com\/ca\/inici\/"},{"@type":"ListItem","position":2,"name":"Av\u00eds legal"}]},{"@type":"WebSite","@id":"https:\/\/dentalarquimbau.com\/ca\/#website","url":"https:\/\/dentalarquimbau.com\/ca\/","name":"Cl\u00ednica Dental Arquimbau","description":"M\u00e9s de 30 anys millorant somriures","publisher":{"@id":"https:\/\/dentalarquimbau.com\/ca\/#organization"},"potentialAction":[{"@type":"SearchAction","target":{"@type":"EntryPoint","urlTemplate":"https:\/\/dentalarquimbau.com\/ca\/?s={search_term_string}"},"query-input":{"@type":"PropertyValueSpecification","valueRequired":true,"valueName":"search_term_string"}}],"inLanguage":"ca"},{"@type":"Organization","@id":"https:\/\/dentalarquimbau.com\/ca\/#organization","name":"Cl\u00ednica Dental Arquimbau","url":"https:\/\/dentalarquimbau.com\/ca\/","logo":{"@type":"ImageObject","inLanguage":"ca","@id":"https:\/\/dentalarquimbau.com\/ca\/#\/schema\/logo\/image\/","url":"https:\/\/dentalarquimbau.com\/wp-content\/uploads\/dental-arquimbau-logo.svg","contentUrl":"https:\/\/dentalarquimbau.com\/wp-content\/uploads\/dental-arquimbau-logo.svg","width":223,"height":45,"caption":"Cl\u00ednica Dental Arquimbau"},"image":{"@id":"https:\/\/dentalarquimbau.com\/ca\/#\/schema\/logo\/image\/"},"sameAs":["https:\/\/www.facebook.com\/clinicadentalarquimbau\/","https:\/\/x.com\/dentalarquimbau","https:\/\/www.instagram.com\/dentalarquimbau\/"]}]}},"_links":{"self":[{"href":"https:\/\/dentalarquimbau.com\/ca\/wp-json\/wp\/v2\/pages\/73299","targetHints":{"allow":["GET"]}}],"collection":[{"href":"https:\/\/dentalarquimbau.com\/ca\/wp-json\/wp\/v2\/pages"}],"about":[{"href":"https:\/\/dentalarquimbau.com\/ca\/wp-json\/wp\/v2\/types\/page"}],"author":[{"embeddable":true,"href":"https:\/\/dentalarquimbau.com\/ca\/wp-json\/wp\/v2\/users\/1"}],"replies":[{"embeddable":true,"href":"https:\/\/dentalarquimbau.com\/ca\/wp-json\/wp\/v2\/comments?post=73299"}],"version-history":[{"count":1,"href":"https:\/\/dentalarquimbau.com\/ca\/wp-json\/wp\/v2\/pages\/73299\/revisions"}],"predecessor-version":[{"id":73300,"href":"https:\/\/dentalarquimbau.com\/ca\/wp-json\/wp\/v2\/pages\/73299\/revisions\/73300"}],"wp:attachment":[{"href":"https:\/\/dentalarquimbau.com\/ca\/wp-json\/wp\/v2\/media?parent=73299"}],"curies":[{"name":"wp","href":"https:\/\/api.w.org\/{rel}","templated":true}]}}